{"id":1228,"date":"2023-09-19T23:50:53","date_gmt":"2023-09-19T23:50:53","guid":{"rendered":"https:\/\/estradservices.com\/?page_id=1228"},"modified":"2023-12-29T22:16:12","modified_gmt":"2023-12-29T22:16:12","slug":"blog","status":"publish","type":"page","link":"https:\/\/estradservices.com\/es\/blog\/","title":{"rendered":"Blog"},"content":{"rendered":"<div data-elementor-type=\"wp-post\" data-elementor-id=\"1228\" class=\"elementor elementor-1228\" data-elementor-post-type=\"page\">\n\t\t\t\t\t\t\t\t\t<section data-particle_enable=\"false\" data-particle-mobile-disabled=\"false\" class=\"elementor-section elementor-top-section elementor-element elementor-element-22c5de3 elementor-section-boxed elementor-section-height-default elementor-section-height-default\" data-id=\"22c5de3\" data-element_type=\"section\" data-settings=\"{&quot;background_background&quot;:&quot;classic&quot;}\">\n\t\t\t\t\t\t\t<div class=\"elementor-background-overlay\"><\/div>\n\t\t\t\t\t\t\t<div class=\"elementor-container elementor-column-gap-no\">\n\t\t\t\t\t<div class=\"elementor-column elementor-col-100 elementor-top-column elementor-element elementor-element-99f89cb\" data-id=\"99f89cb\" data-element_type=\"column\">\n\t\t\t<div class=\"elementor-widget-wrap elementor-element-populated\">\n\t\t\t\t\t\t\t\t<div class=\"elementor-element elementor-element-d64bb0d elementor-widget elementor-widget-heading\" data-id=\"d64bb0d\" data-element_type=\"widget\" data-widget_type=\"heading.default\">\n\t\t\t\t<div class=\"elementor-widget-container\">\n\t\t\t<style>\/*! elementor - v3.16.0 - 14-09-2023 *\/\n.elementor-heading-title{padding:0;margin:0;line-height:1}.elementor-widget-heading .elementor-heading-title[class*=elementor-size-]>a{color:inherit;font-size:inherit;line-height:inherit}.elementor-widget-heading .elementor-heading-title.elementor-size-small{font-size:15px}.elementor-widget-heading .elementor-heading-title.elementor-size-medium{font-size:19px}.elementor-widget-heading .elementor-heading-title.elementor-size-large{font-size:29px}.elementor-widget-heading .elementor-heading-title.elementor-size-xl{font-size:39px}.elementor-widget-heading .elementor-heading-title.elementor-size-xxl{font-size:59px}<\/style><h1 class=\"elementor-heading-title elementor-size-default\">Blog<\/h1>\t\t<\/div>\n\t\t\t\t<\/div>\n\t\t\t\t\t<\/div>\n\t\t<\/div>\n\t\t\t\t\t\t\t<\/div>\n\t\t<\/section>\n\t\t<div data-particle_enable=\"false\" data-particle-mobile-disabled=\"false\" class=\"elementor-element elementor-element-2694c83 e-flex e-con-boxed e-con e-parent\" data-id=\"2694c83\" data-element_type=\"container\" data-settings=\"{&quot;content_width&quot;:&quot;boxed&quot;}\" data-core-v316-plus=\"true\">\n\t\t\t\t\t<div class=\"e-con-inner\">\n\t\t\t\t<div class=\"elementor-element elementor-element-618ccef elementor-grid-3 elementor-grid-tablet-2 elementor-grid-mobile-1 elementor-posts--thumbnail-top elementor-posts--show-avatar elementor-card-shadow-yes elementor-posts__hover-gradient elementor-widget elementor-widget-posts\" data-id=\"618ccef\" data-element_type=\"widget\" data-settings=\"{&quot;cards_columns&quot;:&quot;3&quot;,&quot;cards_columns_tablet&quot;:&quot;2&quot;,&quot;cards_columns_mobile&quot;:&quot;1&quot;,&quot;cards_row_gap&quot;:{&quot;unit&quot;:&quot;px&quot;,&quot;size&quot;:35,&quot;sizes&quot;:[]},&quot;cards_row_gap_tablet&quot;:{&quot;unit&quot;:&quot;px&quot;,&quot;size&quot;:&quot;&quot;,&quot;sizes&quot;:[]},&quot;cards_row_gap_mobile&quot;:{&quot;unit&quot;:&quot;px&quot;,&quot;size&quot;:&quot;&quot;,&quot;sizes&quot;:[]}}\" data-widget_type=\"posts.cards\">\n\t\t\t\t<div class=\"elementor-widget-container\">\n\t\t\t<link rel=\"stylesheet\" href=\"https:\/\/estradservices.com\/wp-content\/plugins\/elementor-pro\/assets\/css\/widget-posts.min.css\">\t\t<div class=\"elementor-posts-container elementor-posts elementor-posts--skin-cards elementor-grid\">\n\t\t\t\t<article class=\"elementor-post elementor-grid-item post-1354 post type-post status-publish format-standard has-post-thumbnail hentry category-business category-translation category-trends\">\n\t\t\t<div class=\"elementor-post__card\">\n\t\t\t\t<a class=\"elementor-post__thumbnail__link\" href=\"https:\/\/estradservices.com\/es\/languages-of-tomorrow-a-glimpse-into-2024s-translation-trends\/\" tabindex=\"-1\" ><div class=\"elementor-post__thumbnail\"><img loading=\"lazy\" decoding=\"async\" width=\"2560\" height=\"1707\" src=\"https:\/\/estradservices.com\/wp-content\/uploads\/2023\/12\/estrad-services-blog-scaled.jpg\" class=\"attachment-full size-full wp-image-1363\" alt=\"\" srcset=\"https:\/\/estradservices.com\/wp-content\/uploads\/2023\/12\/estrad-services-blog-scaled.jpg 2560w, https:\/\/estradservices.com\/wp-content\/uploads\/2023\/12\/estrad-services-blog-300x200.jpg 300w, https:\/\/estradservices.com\/wp-content\/uploads\/2023\/12\/estrad-services-blog-1024x683.jpg 1024w, https:\/\/estradservices.com\/wp-content\/uploads\/2023\/12\/estrad-services-blog-768x512.jpg 768w, https:\/\/estradservices.com\/wp-content\/uploads\/2023\/12\/estrad-services-blog-1536x1024.jpg 1536w, https:\/\/estradservices.com\/wp-content\/uploads\/2023\/12\/estrad-services-blog-2048x1365.jpg 2048w, https:\/\/estradservices.com\/wp-content\/uploads\/2023\/12\/estrad-services-blog-18x12.jpg 18w\" sizes=\"auto, (max-width: 2560px) 100vw, 2560px\" \/><\/div><\/a>\n\t\t\t\t<div class=\"elementor-post__badge\">Business<\/div>\n\t\t\t\t<div class=\"elementor-post__avatar\">\n\t\t\t<img alt='Estrad' src='https:\/\/secure.gravatar.com\/avatar\/9679c9d8f5fa38836771584389d05cf3d090babb2d8a71cce4305c214aa1ea60?s=128&#038;d=mm&#038;r=g' srcset='https:\/\/secure.gravatar.com\/avatar\/9679c9d8f5fa38836771584389d05cf3d090babb2d8a71cce4305c214aa1ea60?s=256&#038;d=mm&#038;r=g 2x' class='avatar avatar-128 photo' height='128' width='128' \/>\t\t<\/div>\n\t\t\t\t<div class=\"elementor-post__text\">\n\t\t\t\t<h5 class=\"elementor-post__title\">\n\t\t\t<a href=\"https:\/\/estradservices.com\/es\/languages-of-tomorrow-a-glimpse-into-2024s-translation-trends\/\" >\n\t\t\t\tLanguages of Tomorrow: A Glimpse into 2024&#8217;s Translation Trends\t\t\t<\/a>\n\t\t<\/h5>\n\t\t\t\t<div class=\"elementor-post__excerpt\">\n\t\t\t<p>In the fast-changing world of talking to people from different places, translation tech is getting a major upgrade. As we step into 2024, big changes<\/p>\n\t\t<\/div>\n\t\t\n\t\t<a class=\"elementor-post__read-more\" href=\"https:\/\/estradservices.com\/es\/languages-of-tomorrow-a-glimpse-into-2024s-translation-trends\/\" aria-label=\"Read more about Languages of Tomorrow: A Glimpse into 2024&#8217;s Translation Trends\" tabindex=\"-1\" >\n\t\t\tLeer M\u00e1s &#034;\t\t<\/a>\n\n\t\t\t\t<\/div>\n\t\t\t\t<div class=\"elementor-post__meta-data\">\n\t\t\t\t\t<span class=\"elementor-post-date\">\n\t\t\tdiciembre 30, 2023\t\t<\/span>\n\t\t\t\t<span class=\"elementor-post-avatar\">\n\t\t\tNo hay comentarios\t\t<\/span>\n\t\t\t\t<\/div>\n\t\t\t\t\t<\/div>\n\t\t<\/article>\n\t\t\t\t<article class=\"elementor-post elementor-grid-item post-1234 post type-post status-publish format-standard has-post-thumbnail hentry category-business category-translation\">\n\t\t\t<div class=\"elementor-post__card\">\n\t\t\t\t<a class=\"elementor-post__thumbnail__link\" href=\"https:\/\/estradservices.com\/es\/the-benefits-of-working-with-certified-translators\/\" tabindex=\"-1\" ><div class=\"elementor-post__thumbnail\"><img loading=\"lazy\" decoding=\"async\" width=\"250\" height=\"250\" src=\"https:\/\/estradservices.com\/wp-content\/uploads\/2023\/09\/21982600108_66663b5e61_b-250x250-1.jpg\" class=\"attachment-full size-full wp-image-7\" alt=\"\" srcset=\"https:\/\/estradservices.com\/wp-content\/uploads\/2023\/09\/21982600108_66663b5e61_b-250x250-1.jpg 250w, https:\/\/estradservices.com\/wp-content\/uploads\/2023\/09\/21982600108_66663b5e61_b-250x250-1-150x150.jpg 150w\" sizes=\"auto, (max-width: 250px) 100vw, 250px\" \/><\/div><\/a>\n\t\t\t\t<div class=\"elementor-post__badge\">Business<\/div>\n\t\t\t\t<div class=\"elementor-post__avatar\">\n\t\t\t<img alt='Estrad' src='https:\/\/secure.gravatar.com\/avatar\/9679c9d8f5fa38836771584389d05cf3d090babb2d8a71cce4305c214aa1ea60?s=128&#038;d=mm&#038;r=g' srcset='https:\/\/secure.gravatar.com\/avatar\/9679c9d8f5fa38836771584389d05cf3d090babb2d8a71cce4305c214aa1ea60?s=256&#038;d=mm&#038;r=g 2x' class='avatar avatar-128 photo' height='128' width='128' \/>\t\t<\/div>\n\t\t\t\t<div class=\"elementor-post__text\">\n\t\t\t\t<h5 class=\"elementor-post__title\">\n\t\t\t<a href=\"https:\/\/estradservices.com\/es\/the-benefits-of-working-with-certified-translators\/\" >\n\t\t\t\tLos Beneficios de Trabajar con Traductores Certificados\t\t\t<\/a>\n\t\t<\/h5>\n\t\t\t\t<div class=\"elementor-post__excerpt\">\n\t\t\t<p>Cuando se trata de traducciones profesionales, es fundamental trabajar con un traductor certificado. A diferencia de los no profesionales, traductores certificados han estudiado traducci\u00f3n con experiencia y\t\t<\/div>\n\t\t\n\t\t<a class=\"elementor-post__read-more\" href=\"https:\/\/estradservices.com\/es\/the-benefits-of-working-with-certified-translators\/\" aria-label=\"Read more about The Benefits of Working with Certified Translators\" tabindex=\"-1\" >\n\t\t\tLeer M\u00e1s &#034;\t\t<\/a>\n\n\t\t\t\t<\/div>\n\t\t\t\t<div class=\"elementor-post__meta-data\">\n\t\t\t\t\t<span class=\"elementor-post-date\">\n\t\t\tseptiembre 19, 2023\t\t<\/span>\n\t\t\t\t<span class=\"elementor-post-avatar\">\n\t\t\tNo hay comentarios\t\t<\/span>\n\t\t\t\t<\/div>\n\t\t\t\t\t<\/div>\n\t\t<\/article>\n\t\t\t\t<article class=\"elementor-post elementor-grid-item post-1231 post type-post status-publish format-standard has-post-thumbnail hentry category-business category-translation category-trends\">\n\t\t\t<div class=\"elementor-post__card\">\n\t\t\t\t<a class=\"elementor-post__thumbnail__link\" href=\"https:\/\/estradservices.com\/es\/unlock-global-opportunities-with-estrads-translation-services\/\" tabindex=\"-1\" ><div class=\"elementor-post__thumbnail\"><img loading=\"lazy\" decoding=\"async\" width=\"2560\" height=\"1708\" src=\"https:\/\/estradservices.com\/wp-content\/uploads\/2023\/09\/image-1694244584-scaled-1.jpg\" class=\"attachment-full size-full wp-image-8\" alt=\"\" srcset=\"https:\/\/estradservices.com\/wp-content\/uploads\/2023\/09\/image-1694244584-scaled-1.jpg 2560w, https:\/\/estradservices.com\/wp-content\/uploads\/2023\/09\/image-1694244584-scaled-1-300x200.jpg 300w, https:\/\/estradservices.com\/wp-content\/uploads\/2023\/09\/image-1694244584-scaled-1-1024x683.jpg 1024w, https:\/\/estradservices.com\/wp-content\/uploads\/2023\/09\/image-1694244584-scaled-1-768x512.jpg 768w, https:\/\/estradservices.com\/wp-content\/uploads\/2023\/09\/image-1694244584-scaled-1-1536x1025.jpg 1536w, https:\/\/estradservices.com\/wp-content\/uploads\/2023\/09\/image-1694244584-scaled-1-2048x1366.jpg 2048w, https:\/\/estradservices.com\/wp-content\/uploads\/2023\/09\/image-1694244584-scaled-1-1568x1046.jpg 1568w\" sizes=\"auto, (max-width: 2560px) 100vw, 2560px\" \/><\/div><\/a>\n\t\t\t\t<div class=\"elementor-post__badge\">Business<\/div>\n\t\t\t\t<div class=\"elementor-post__avatar\">\n\t\t\t<img alt='Estrad' src='https:\/\/secure.gravatar.com\/avatar\/9679c9d8f5fa38836771584389d05cf3d090babb2d8a71cce4305c214aa1ea60?s=128&#038;d=mm&#038;r=g' srcset='https:\/\/secure.gravatar.com\/avatar\/9679c9d8f5fa38836771584389d05cf3d090babb2d8a71cce4305c214aa1ea60?s=256&#038;d=mm&#038;r=g 2x' class='avatar avatar-128 photo' height='128' width='128' \/>\t\t<\/div>\n\t\t\t\t<div class=\"elementor-post__text\">\n\t\t\t\t<h5 class=\"elementor-post__title\">\n\t\t\t<a href=\"https:\/\/estradservices.com\/es\/unlock-global-opportunities-with-estrads-translation-services\/\" >\n\t\t\t\tDesbloquear las Oportunidades Globales con Estrad de Servicios de Traducci\u00f3n\t\t\t<\/a>\n\t\t<\/h5>\n\t\t\t\t<div class=\"elementor-post__excerpt\">\n\t\t\t<p>\u00bfEs usted un due\u00f1o de negocio que est\u00e1 buscando expandir su alcance a nuevos mercados? Las barreras del idioma puede ser un obst\u00e1culo importante, pero con Estrad integral de traducci\u00f3n\t\t<\/div>\n\t\t\n\t\t<a class=\"elementor-post__read-more\" href=\"https:\/\/estradservices.com\/es\/unlock-global-opportunities-with-estrads-translation-services\/\" aria-label=\"Read more about Unlock Global Opportunities with Estrad\u2019s Translation Services\" tabindex=\"-1\" >\n\t\t\tLeer M\u00e1s &#034;\t\t<\/a>\n\n\t\t\t\t<\/div>\n\t\t\t\t<div class=\"elementor-post__meta-data\">\n\t\t\t\t\t<span class=\"elementor-post-date\">\n\t\t\tseptiembre 19, 2023\t\t<\/span>\n\t\t\t\t<span class=\"elementor-post-avatar\">\n\t\t\tNo hay comentarios\t\t<\/span>\n\t\t\t\t<\/div>\n\t\t\t\t\t<\/div>\n\t\t<\/article>\n\t\t\t\t<\/div>\n\t\t\n\t\t\t\t<\/div>\n\t\t\t\t<\/div>\n\t\t\t\t\t<\/div>\n\t\t\t\t<\/div>\n\t\t\t\t\t\t\t<\/div>","protected":false},"excerpt":{"rendered":"<p>Blog<\/p>","protected":false},"author":1,"featured_media":0,"parent":0,"menu_order":0,"comment_status":"closed","ping_status":"closed","template":"","meta":{"_monsterinsights_skip_tracking":false,"_monsterinsights_sitenote_active":false,"_monsterinsights_sitenote_note":"","_monsterinsights_sitenote_category":0,"site-sidebar-layout":"no-sidebar","site-content-layout":"page-builder","ast-site-content-layout":"","site-content-style":"default","site-sidebar-style":"default","ast-global-header-display":"","ast-banner-title-visibility":"","ast-main-header-display":"","ast-hfb-above-header-display":"","ast-hfb-below-header-display":"","ast-hfb-mobile-header-display":"","site-post-title":"disabled","ast-breadcrumbs-content":"","ast-featured-img":"disabled","footer-sml-layout":"","theme-transparent-header-meta":"enabled","adv-header-id-meta":"","stick-header-meta":"","header-above-stick-meta":"","header-main-stick-meta":"","header-below-stick-meta":"","astra-migrate-meta-layouts":"","footnotes":""},"class_list":["post-1228","page","type-page","status-publish","hentry"],"_links":{"self":[{"href":"https:\/\/estradservices.com\/es\/wp-json\/wp\/v2\/pages\/1228","targetHints":{"allow":["GET"]}}],"collection":[{"href":"https:\/\/estradservices.com\/es\/wp-json\/wp\/v2\/pages"}],"about":[{"href":"https:\/\/estradservices.com\/es\/wp-json\/wp\/v2\/types\/page"}],"author":[{"embeddable":true,"href":"https:\/\/estradservices.com\/es\/wp-json\/wp\/v2\/users\/1"}],"replies":[{"embeddable":true,"href":"https:\/\/estradservices.com\/es\/wp-json\/wp\/v2\/comments?post=1228"}],"version-history":[{"count":17,"href":"https:\/\/estradservices.com\/es\/wp-json\/wp\/v2\/pages\/1228\/revisions"}],"predecessor-version":[{"id":1374,"href":"https:\/\/estradservices.com\/es\/wp-json\/wp\/v2\/pages\/1228\/revisions\/1374"}],"wp:attachment":[{"href":"https:\/\/estradservices.com\/es\/wp-json\/wp\/v2\/media?parent=1228"}],"curies":[{"name":"wp","href":"https:\/\/api.w.org\/{rel}","templated":true}]}}