{"id":3,"date":"2023-09-19T22:49:01","date_gmt":"2023-09-19T22:49:01","guid":{"rendered":"http:\/\/estradservices.com\/?page_id=3"},"modified":"2023-09-19T23:45:10","modified_gmt":"2023-09-19T23:45:10","slug":"privacy-policy","status":"publish","type":"page","link":"https:\/\/estradservices.com\/es\/privacy-policy\/","title":{"rendered":"Pol\u00edtica De Privacidad"},"content":{"rendered":"<div data-elementor-type=\"wp-page\" data-elementor-id=\"3\" class=\"elementor elementor-3\" data-elementor-post-type=\"page\">\n\t\t\t\t\t\t\t<div data-particle_enable=\"false\" data-particle-mobile-disabled=\"false\" class=\"elementor-element elementor-element-729579fd e-flex e-con-boxed e-con e-parent\" data-id=\"729579fd\" data-element_type=\"container\" data-settings=\"{&quot;content_width&quot;:&quot;boxed&quot;}\" data-core-v316-plus=\"true\">\n\t\t\t\t\t<div class=\"e-con-inner\">\n\t\t\t\t<div class=\"elementor-element elementor-element-48fb3d9b elementor-widget elementor-widget-text-editor\" data-id=\"48fb3d9b\" data-element_type=\"widget\" data-widget_type=\"text-editor.default\">\n\t\t\t\t<div class=\"elementor-widget-container\">\n\t\t\t<style>\/*! elementor - v3.16.0 - 14-09-2023 *\/\n.elementor-widget-text-editor.elementor-drop-cap-view-stacked .elementor-drop-cap{background-color:#69727d;color:#fff}.elementor-widget-text-editor.elementor-drop-cap-view-framed .elementor-drop-cap{color:#69727d;border:3px solid;background-color:transparent}.elementor-widget-text-editor:not(.elementor-drop-cap-view-default) .elementor-drop-cap{margin-top:8px}.elementor-widget-text-editor:not(.elementor-drop-cap-view-default) .elementor-drop-cap-letter{width:1em;height:1em}.elementor-widget-text-editor .elementor-drop-cap{float:left;text-align:center;line-height:1;font-size:50px}.elementor-widget-text-editor .elementor-drop-cap-letter{display:inline-block}<\/style>\t\t\t\t<p>Fecha De Vigencia: 4 De Septiembre De 2023<\/p>\n<p>Bienvenido a Estrad Servicios (&#034;nosotros&#034;, &#034;nuestro&#034; o &#034;nosotros&#034;). Valoramos su confianza y estamos comprometidos a proteger su privacidad. Esta Pol\u00edtica de Privacidad describe c\u00f3mo tratamos su informaci\u00f3n cuando usted utiliza nuestros servicios de traducci\u00f3n.<\/p>\n<p><strong>La Informaci\u00f3n Que Recopilamos<\/strong><\/p>\n<p>Recogemos los siguientes tipos de informaci\u00f3n para ofrecer nuestros servicios de forma eficaz:<\/p>\n<ol>\n<li><strong>Informaci\u00f3n De Contacto:<\/strong>\u00a0Esto incluye su nombre, direcci\u00f3n de correo electr\u00f3nico y n\u00famero de tel\u00e9fono, el sistema que utilizamos para la comunicaci\u00f3n y la prestaci\u00f3n de servicios.<\/li>\n<li><strong>Traducci\u00f3n De Contenido:<\/strong>\u00a0Recogemos el texto y el contenido que usted proporciona para prop\u00f3sitos de traducci\u00f3n s\u00f3lo.<\/li>\n<\/ol>\n<p><strong>C\u00f3mo Usamos Su Informaci\u00f3n<\/strong><\/p>\n<p>Utilizamos su informaci\u00f3n con el \u00fanico prop\u00f3sito de entregar servicios de traducci\u00f3n para usted, que puede incluir:<\/p>\n<ol>\n<li><strong>Traducci\u00f3n:<\/strong>\u00a0Podemos traducir el contenido que usted proporcione, manteniendo estricta confidencialidad.<\/li>\n<li><strong>Comunicaci\u00f3n:<\/strong>\u00a0Podemos comunicarnos con usted con respecto a las actualizaciones del proyecto, consultas, notificaciones importantes.<\/li>\n<\/ol>\n<p><strong>La Seguridad De Los Datos<\/strong><\/p>\n<p>Nos tomamos en serio la seguridad de sus datos:<\/p>\n<ol>\n<li><strong>Protecci\u00f3n:<\/strong>\u00a0Hemos tomado medidas para proteger su informaci\u00f3n del acceso no autorizado, divulgaci\u00f3n, alteraci\u00f3n o destrucci\u00f3n.<\/li>\n<li><strong>Participaci\u00f3n De Terceros:<\/strong>\u00a0Podemos contratar a terceros de confianza de los traductores, que est\u00e1n obligados por estrictos acuerdos de confidencialidad, para ayudar con los proyectos de traducci\u00f3n.<\/li>\n<\/ol>\n<p><strong>Sus Opciones<\/strong><\/p>\n<p>Usted tiene control sobre su informaci\u00f3n:<\/p>\n<ol>\n<li><strong>El acceso y Actualizaciones:<\/strong>\u00a0Usted puede acceder, actualizar o borrar su informaci\u00f3n en nuestros registros en cualquier momento.<\/li>\n<li><strong>Preferencias De Comunicaci\u00f3n:<\/strong>\u00a0Usted puede administrar sus preferencias de comunicaci\u00f3n y opt-out no esenciales de las comunicaciones.<\/li>\n<\/ol>\n<p><strong>Cookies y Tecnolog\u00edas Similares<\/strong><\/p>\n<p>No utilizamos las cookies o tecnolog\u00edas de rastreo en nuestro sitio web.<\/p>\n<p><strong>Cambios a esta Pol\u00edtica de Privacidad<\/strong><\/p>\n<p>Podemos actualizar esta Pol\u00edtica de Privacidad para reflejar los cambios en nuestras pr\u00e1cticas o de los requisitos legales. Le animamos a que revise peri\u00f3dicamente.<\/p>\n<p><strong>P\u00f3ngase En Contacto Con Nosotros<\/strong><\/p>\n<p>Si usted tiene alguna pregunta o inquietud acerca de esta Pol\u00edtica de Privacidad, nuestros servicios, o su informaci\u00f3n personal, p\u00f3ngase en contacto con nosotros en info@estradservices.com<\/p>\t\t\t\t\t\t<\/div>\n\t\t\t\t<\/div>\n\t\t\t\t\t<\/div>\n\t\t\t\t<\/div>\n\t\t\t\t\t\t\t<\/div>","protected":false},"excerpt":{"rendered":"<p>Effective Date: September 4, 2023 Welcome to Estrad Services (\u201cwe,\u201d \u201cour,\u201d or \u201cus\u201d). We value your trust and are committed to safeguarding your privacy. This Privacy Policy outlines how we handle your information when you use our translation services. Information We Collect We collect the following types of information to provide our services effectively: Contact &hellip;<\/p>\n<p class=\"read-more\"> <a class=\"\" href=\"https:\/\/estradservices.com\/es\/privacy-policy\/\"> <span class=\"screen-reader-text\">Pol\u00edtica De Privacidad<\/span> Leer m\u00e1s &raquo;<\/a><\/p>","protected":false},"author":1,"featured_media":0,"parent":0,"menu_order":0,"comment_status":"closed","ping_status":"open","template":"","meta":{"_monsterinsights_skip_tracking":false,"_monsterinsights_sitenote_active":false,"_monsterinsights_sitenote_note":"","_monsterinsights_sitenote_category":0,"site-sidebar-layout":"default","site-content-layout":"","ast-site-content-layout":"","site-content-style":"default","site-sidebar-style":"default","ast-global-header-display":"","ast-banner-title-visibility":"","ast-main-header-display":"","ast-hfb-above-header-display":"","ast-hfb-below-header-display":"","ast-hfb-mobile-header-display":"","site-post-title":"","ast-breadcrumbs-content":"","ast-featured-img":"","footer-sml-layout":"","theme-transparent-header-meta":"","adv-header-id-meta":"","stick-header-meta":"","header-above-stick-meta":"","header-main-stick-meta":"","header-below-stick-meta":"","astra-migrate-meta-layouts":"","footnotes":""},"class_list":["post-3","page","type-page","status-publish","hentry"],"_links":{"self":[{"href":"https:\/\/estradservices.com\/es\/wp-json\/wp\/v2\/pages\/3","targetHints":{"allow":["GET"]}}],"collection":[{"href":"https:\/\/estradservices.com\/es\/wp-json\/wp\/v2\/pages"}],"about":[{"href":"https:\/\/estradservices.com\/es\/wp-json\/wp\/v2\/types\/page"}],"author":[{"embeddable":true,"href":"https:\/\/estradservices.com\/es\/wp-json\/wp\/v2\/users\/1"}],"replies":[{"embeddable":true,"href":"https:\/\/estradservices.com\/es\/wp-json\/wp\/v2\/comments?post=3"}],"version-history":[{"count":3,"href":"https:\/\/estradservices.com\/es\/wp-json\/wp\/v2\/pages\/3\/revisions"}],"predecessor-version":[{"id":1218,"href":"https:\/\/estradservices.com\/es\/wp-json\/wp\/v2\/pages\/3\/revisions\/1218"}],"wp:attachment":[{"href":"https:\/\/estradservices.com\/es\/wp-json\/wp\/v2\/media?parent=3"}],"curies":[{"name":"wp","href":"https:\/\/api.w.org\/{rel}","templated":true}]}}